{"id":513,"date":"2019-08-29T09:39:54","date_gmt":"2019-08-29T07:39:54","guid":{"rendered":"https:\/\/martemeo.lu-martemeo\/ueber-uns\/"},"modified":"2021-05-19T15:53:24","modified_gmt":"2021-05-19T13:53:24","slug":"a-propos-de-nous","status":"publish","type":"page","link":"https:\/\/www.martemeo.lu\/fr\/a-propos-de-nous\/","title":{"rendered":"\u00c0 propos de nous"},"content":{"rendered":"\n<hr class=\"wp-block-separator is-style-wide divider-headline-blue\"\/>\n\n\n\n<p class=\"has-text-align-center has-text-color has-background\" style=\"background-color:#11288a;color:#ffffff\"><strong>Marte Meo est une offre de <br>Erz\u00e9iungs- a Familljeberodung <br>39, bd Grande-Duchesse Charlotte<br>L-1331 Luxembourg <\/strong><\/p>\n\n\n\n<p>Nos collaborateurs ont \u00e9t\u00e9 form\u00e9s en tant que th\u00e9rapeutes et superviseurs par la fondatrice de cette m\u00e9thode, Maria Aarts (Pays-Bas).<\/p>\n\n\n\n<p>Ils proposent r\u00e9guli\u00e8rement des formations continues et reconnues pour des professionnels. En fonction de leur formation initiale et du domaine d\u2019activit\u00e9, les int\u00e9ress\u00e9s peuvent \u00eatre form\u00e9s en tant que \u00ab&nbsp;Marte Meo Practitioner&nbsp;\u00bb, \u00ab&nbsp;Marte Meo Colleague Trainer&nbsp;\u00bb ou \u00ab&nbsp;Marte Meo Therapist&nbsp;\u00bb. La formation se base sur le programme de \u00ab&nbsp;Marte Meo International&nbsp;\u00bb.<\/p>\n\n\n\n<p>Nous travaillons en \u00e9troite collaboration avec Maria Aarts et sommes autoris\u00e9s \u00e0 tenir toutes les formations ainsi qu\u2019\u00e0 faire passer les examens correspondants.<\/p>\n\n\n\n<p>Les champs d\u2019application de la m\u00e9thode Marte Meo sont : les services de consultations pour enfants, adolescents et leur famille, les services d\u2019assistance en famille, les centres d\u2019accueil pour enfants et adolescents, les \u00e9coles, les centres d\u2019accueil pour personnes \u00e2g\u00e9es ainsi que les institutions pour personnes ayant un handicap, entre nombreux autres.<\/p>\n\n\n\n<p>En tant que \u00ab\u00a0licensed supervising Marte Meo Institute\u00a0\u00bb notre service de consultations \u00e9duco-familiales est l\u2019interlocuteur pour les universit\u00e9s, les autres instituts, les h\u00f4pitaux, les services gouvernementaux et pour toute autre personne int\u00e9ress\u00e9e. Dans ce contexte, le \u00ab\u00a0Marte Meo Institut Luxembourg\u00a0\u00bb s\u2019engage \u00e0 assurer la qualit\u00e9 de la m\u00e9thode au Luxembourg.<\/p>\n\n\n\n<div class=\"wp-block-buttons is-content-justification-center is-layout-flex wp-block-buttons-is-layout-flex\">\n<div class=\"wp-block-button\"><a class=\"wp-block-button__link has-background\" href=\"https:\/\/erzeiungs-a-familljeberodung.lu\/?lang=fr\" style=\"background-color:#84705d\">Cliquez ici pour notre page d&rsquo;accueil<br>erzeiungs-a-familljeberodung.lu<\/a><\/div>\n<\/div>\n\n\n\n<hr class=\"wp-block-separator is-style-dots\"\/>\n","protected":false},"excerpt":{"rendered":"<p>Marte Meo est une offre de Erz\u00e9iungs- a Familljeberodung 39, bd Grande-Duchesse CharlotteL-1331 Luxembourg Nos collaborateurs ont \u00e9t\u00e9 form\u00e9s en tant que th\u00e9rapeutes et superviseurs par la fondatrice de cette m\u00e9thode, Maria Aarts (Pays-Bas). Ils proposent r\u00e9guli\u00e8rement des formations continues et reconnues pour des professionnels. En fonction de leur formation initiale et du domaine d\u2019activit\u00e9, &hellip; <\/p>\n<p class=\"link-more\"><a href=\"https:\/\/www.martemeo.lu\/fr\/a-propos-de-nous\/\" class=\"more-link\">Continuer la lecture<span class=\"screen-reader-text\"> de &laquo;&nbsp;\u00c0 propos de nous&nbsp;&raquo;<\/span><\/a><\/p>\n","protected":false},"author":2,"featured_media":464,"parent":0,"menu_order":0,"comment_status":"closed","ping_status":"closed","template":"","meta":{"footnotes":""},"class_list":["post-513","page","type-page","status-publish","has-post-thumbnail","hentry"],"_links":{"self":[{"href":"https:\/\/www.martemeo.lu\/fr\/wp-json\/wp\/v2\/pages\/513","targetHints":{"allow":["GET"]}}],"collection":[{"href":"https:\/\/www.martemeo.lu\/fr\/wp-json\/wp\/v2\/pages"}],"about":[{"href":"https:\/\/www.martemeo.lu\/fr\/wp-json\/wp\/v2\/types\/page"}],"author":[{"embeddable":true,"href":"https:\/\/www.martemeo.lu\/fr\/wp-json\/wp\/v2\/users\/2"}],"replies":[{"embeddable":true,"href":"https:\/\/www.martemeo.lu\/fr\/wp-json\/wp\/v2\/comments?post=513"}],"version-history":[{"count":7,"href":"https:\/\/www.martemeo.lu\/fr\/wp-json\/wp\/v2\/pages\/513\/revisions"}],"predecessor-version":[{"id":650,"href":"https:\/\/www.martemeo.lu\/fr\/wp-json\/wp\/v2\/pages\/513\/revisions\/650"}],"wp:featuredmedia":[{"embeddable":true,"href":"https:\/\/www.martemeo.lu\/fr\/wp-json\/wp\/v2\/media\/464"}],"wp:attachment":[{"href":"https:\/\/www.martemeo.lu\/fr\/wp-json\/wp\/v2\/media?parent=513"}],"curies":[{"name":"wp","href":"https:\/\/api.w.org\/{rel}","templated":true}]}}