{"id":503,"date":"2019-06-27T14:52:26","date_gmt":"2019-06-27T12:52:26","guid":{"rendered":"https:\/\/martemeo.lu-martemeo\/kontakt\/"},"modified":"2024-10-04T13:30:19","modified_gmt":"2024-10-04T11:30:19","slug":"contact","status":"publish","type":"page","link":"https:\/\/www.martemeo.lu\/fr\/contact\/","title":{"rendered":"Contact"},"content":{"rendered":"\n<hr class=\"wp-block-separator has-css-opacity is-style-wide divider-headline-blue\"\/>\n\n\n\n<p><strong>Pour toute demande ou inscription sur notre liste d&rsquo;attente, veuillez contacter<\/strong><\/p>\n\n\n\n<p>Erz\u00e9iungs- a Familljeberodung <\/p>\n\n\n\n<p>Heures d\u2019ouverture du secr\u00e9tariat :<br>du lundi au vendredi de 9.00 &#8211; 17.00<br>     <\/p>\n\n\n\n<p class=\"has-text-color has-background has-medium-font-size\" style=\"color:#ffffff;background-color:#11288a\"><strong>T\u00e9l. : 46 000 41<br><a href=\"mailto:info@afp-solidarite-famille.lu\" target=\"_blank\" rel=\"noreferrer noopener\"><\/a><a href=\"mailto:martemeo@afp-solidarite-famille.lu\"><mark style=\"background-color:rgba(0, 0, 0, 0)\" class=\"has-inline-color has-white-color\">martemeo@afp-solidarite-famille.lu<\/mark><\/a><\/strong><\/p>\n\n\n\n<p>Erz\u00e9iungs- a Familljeberodung <br>6, rue Adolphe<br>L-1116 Luxembourg<\/p>\n\n\n\n<p><a href=\"https:\/\/maps.app.goo.gl\/8bdPcgmNy6dpz1G78\" target=\"_blank\" rel=\"noreferrer noopener\">&gt; <strong>Directions<\/strong> (Google-Maps)<\/a><\/p>\n\n\n\n<hr class=\"wp-block-separator has-css-opacity is-style-dots\"\/>\n\n\n\n<h2 class=\"wp-block-heading\">Compte bancaire<\/h2>\n\n\n\n<p class=\"has-text-color has-background\" style=\"color:#ffffff;background-color:#11288a\"><strong>BCEELULL LU39 0019 1455 6518 2000<\/strong><\/p>\n","protected":false},"excerpt":{"rendered":"<p>Pour toute demande ou inscription sur notre liste d&rsquo;attente, veuillez contacter Erz\u00e9iungs- a Familljeberodung Heures d\u2019ouverture du secr\u00e9tariat :du lundi au vendredi de 9.00 &#8211; 17.00 T\u00e9l. : 46 000 41martemeo@afp-solidarite-famille.lu Erz\u00e9iungs- a Familljeberodung 6, rue AdolpheL-1116 Luxembourg &gt; Directions (Google-Maps) Compte bancaire BCEELULL LU39 0019 1455 6518 2000<\/p>\n","protected":false},"author":1,"featured_media":542,"parent":0,"menu_order":0,"comment_status":"closed","ping_status":"closed","template":"","meta":{"footnotes":""},"class_list":["post-503","page","type-page","status-publish","has-post-thumbnail","hentry"],"_links":{"self":[{"href":"https:\/\/www.martemeo.lu\/fr\/wp-json\/wp\/v2\/pages\/503","targetHints":{"allow":["GET"]}}],"collection":[{"href":"https:\/\/www.martemeo.lu\/fr\/wp-json\/wp\/v2\/pages"}],"about":[{"href":"https:\/\/www.martemeo.lu\/fr\/wp-json\/wp\/v2\/types\/page"}],"author":[{"embeddable":true,"href":"https:\/\/www.martemeo.lu\/fr\/wp-json\/wp\/v2\/users\/1"}],"replies":[{"embeddable":true,"href":"https:\/\/www.martemeo.lu\/fr\/wp-json\/wp\/v2\/comments?post=503"}],"version-history":[{"count":13,"href":"https:\/\/www.martemeo.lu\/fr\/wp-json\/wp\/v2\/pages\/503\/revisions"}],"predecessor-version":[{"id":792,"href":"https:\/\/www.martemeo.lu\/fr\/wp-json\/wp\/v2\/pages\/503\/revisions\/792"}],"wp:featuredmedia":[{"embeddable":true,"href":"https:\/\/www.martemeo.lu\/fr\/wp-json\/wp\/v2\/media\/542"}],"wp:attachment":[{"href":"https:\/\/www.martemeo.lu\/fr\/wp-json\/wp\/v2\/media?parent=503"}],"curies":[{"name":"wp","href":"https:\/\/api.w.org\/{rel}","templated":true}]}}