{"id":39,"date":"2019-05-09T10:30:49","date_gmt":"2019-05-09T08:30:49","guid":{"rendered":"https:\/\/martemeo.lu-martemeo\/?page_id=39"},"modified":"2021-05-18T16:23:21","modified_gmt":"2021-05-18T14:23:21","slug":"beispiel-seite","status":"publish","type":"page","link":"https:\/\/www.martemeo.lu\/fr\/","title":{"rendered":"Page d&rsquo;accueil"},"content":{"rendered":"\n<p class=\"has-text-align-center has-medium-font-size\">\u00ab\u00a0Marte Meo<strong> attire l\u2019attention sur les c\u00f4t\u00e9s positifs et les nombreuses possibilit\u00e9s<\/strong> qu\u2019offrent le quotidien.<\/p>\n\n\n\n<p class=\"has-text-align-center has-medium-font-size\">Les difficult\u00e9s et les probl\u00e8mes sont consid\u00e9r\u00e9s<strong> comme des opportunit\u00e9s de d\u00e9veloppement.\u00a0\u00bb<\/strong><\/p>\n\n\n\n<hr class=\"wp-block-separator is-style-wide divider-headline-yellow\"\/>\n\n\n\n<p class=\"has-very-light-gray-color has-text-color has-background\" style=\"background-color:#11288a\"><strong>En tant que \u00ab&nbsp;licensed supervising Marte Meo Institute&nbsp;\u00bb notre service  de consultations \u00e9duco-familiales est l\u2019interlocuteur pour les  universit\u00e9s, les autres instituts, les h\u00f4pitaux, les services  gouvernementaux et pour toute autre personne int\u00e9ress\u00e9e. <\/strong><\/p>\n\n\n\n<p class=\"has-text-color has-background\" style=\"background-color:#a0ab00;color:#ffffff\"><strong>Le \u00ab&nbsp;Marte Meo Institut Luxembourg&nbsp;\u00bb s\u2019engage \u00e0 assurer la qualit\u00e9 de la m\u00e9thode au Luxembourg. <\/strong><\/p>\n\n\n\n<hr class=\"wp-block-separator is-style-dots divider-yellow\"\/>\n\n\n\n<p class=\"has-text-align-center\">Le nom de la m\u00e9thode \u00ab&nbsp;Marte Meo&nbsp;\u00bb est d\u00e9riv\u00e9 du latin<br>et signifie \u00ab par ses propres forces \u00bb. <\/p>\n\n\n\n<p>Cette m\u00e9thode d\u2019intervention par vid\u00e9o valorisante a \u00e9t\u00e9 cr\u00e9\u00e9e dans les  ann\u00e9es quatre-vingts par Maria Aarts (NL) et, depuis lors, la m\u00e9thode  est mise en pratique avec succ\u00e8s dans plus de 30 pays. Marte Meo vise \u00e0  d\u00e9velopper et \u00e0 fortifier, d\u2019une fa\u00e7on pratique et positive, les  ressources propres des usagers dans leur vie quotidienne.<\/p>\n\n\n\n<hr class=\"wp-block-separator is-style-dots divider-yellow\"\/>\n\n\n\n<h3 class=\"wp-block-heading\">Domaines d\u2019application de Marte Meo : <\/h3>\n\n\n\n<ul class=\"wp-block-list\"><li>Services de consultations pour  enfants, adolescents et leur famille<\/li><li>services d\u2019assistance en famille<\/li><li>centres d\u2019accueil pour enfants et adolescents<\/li><li>\u00e9coles<\/li><li>centres d\u2019accueil  pour personnes \u00e2g\u00e9es<\/li><li>institutions pour personnes ayant un handicap<\/li><li>etc. <\/li><\/ul>\n\n\n\n<hr class=\"wp-block-separator is-style-dots divider-yellow\"\/>\n\n\n\n<p>Dans le service \u00ab Erz\u00e9iungs- a Familljeberodung \u00bb, Marte Meo est surtout  utilis\u00e9e lors de consultations \u00e9ducatives et lors du travail avec les  familles, les enfants, les adolescents et les couples.<\/p>\n\n\n\n<hr class=\"wp-block-separator is-style-dots divider-yellow\"\/>\n\n\n\n<h4 class=\"has-text-align-center wp-block-heading\">Formation :<\/h4>\n\n\n\n<p class=\"has-text-align-center has-text-color has-background\" style=\"background-color:#f3f0ef;color:#2c358c\"><strong>Marte Meo Practitioner<br>Marte Meo Colleague Trainer<br>Marte Meo Therapist  <\/strong><br><strong> Marte Meo  Supervisor <\/strong><\/p>\n\n\n\n<hr class=\"wp-block-separator is-style-wide divider-headline-yellow\"\/>\n","protected":false},"excerpt":{"rendered":"<p>\u00ab\u00a0Marte Meo attire l\u2019attention sur les c\u00f4t\u00e9s positifs et les nombreuses possibilit\u00e9s qu\u2019offrent le quotidien. Les difficult\u00e9s et les probl\u00e8mes sont consid\u00e9r\u00e9s comme des opportunit\u00e9s de d\u00e9veloppement.\u00a0\u00bb En tant que \u00ab&nbsp;licensed supervising Marte Meo Institute&nbsp;\u00bb notre service de consultations \u00e9duco-familiales est l\u2019interlocuteur pour les universit\u00e9s, les autres instituts, les h\u00f4pitaux, les services gouvernementaux et pour &hellip; <\/p>\n<p class=\"link-more\"><a href=\"https:\/\/www.martemeo.lu\/fr\/\" class=\"more-link\">Continuer la lecture<span class=\"screen-reader-text\"> de &laquo;&nbsp;Page d&rsquo;accueil&nbsp;&raquo;<\/span><\/a><\/p>\n","protected":false},"author":1,"featured_media":528,"parent":0,"menu_order":0,"comment_status":"closed","ping_status":"closed","template":"","meta":{"footnotes":""},"class_list":["post-39","page","type-page","status-publish","has-post-thumbnail","hentry"],"_links":{"self":[{"href":"https:\/\/www.martemeo.lu\/fr\/wp-json\/wp\/v2\/pages\/39","targetHints":{"allow":["GET"]}}],"collection":[{"href":"https:\/\/www.martemeo.lu\/fr\/wp-json\/wp\/v2\/pages"}],"about":[{"href":"https:\/\/www.martemeo.lu\/fr\/wp-json\/wp\/v2\/types\/page"}],"author":[{"embeddable":true,"href":"https:\/\/www.martemeo.lu\/fr\/wp-json\/wp\/v2\/users\/1"}],"replies":[{"embeddable":true,"href":"https:\/\/www.martemeo.lu\/fr\/wp-json\/wp\/v2\/comments?post=39"}],"version-history":[{"count":11,"href":"https:\/\/www.martemeo.lu\/fr\/wp-json\/wp\/v2\/pages\/39\/revisions"}],"predecessor-version":[{"id":637,"href":"https:\/\/www.martemeo.lu\/fr\/wp-json\/wp\/v2\/pages\/39\/revisions\/637"}],"wp:featuredmedia":[{"embeddable":true,"href":"https:\/\/www.martemeo.lu\/fr\/wp-json\/wp\/v2\/media\/528"}],"wp:attachment":[{"href":"https:\/\/www.martemeo.lu\/fr\/wp-json\/wp\/v2\/media?parent=39"}],"curies":[{"name":"wp","href":"https:\/\/api.w.org\/{rel}","templated":true}]}}