{"id":122,"date":"2019-06-06T16:25:04","date_gmt":"2019-06-06T14:25:04","guid":{"rendered":"https:\/\/martemeo.lu-martemeo\/?page_id=122"},"modified":"2023-12-15T14:27:19","modified_gmt":"2023-12-15T13:27:19","slug":"groupe-pour-parents-versteesdemech","status":"publish","type":"page","link":"https:\/\/www.martemeo.lu\/fr\/groupe-pour-parents-versteesdemech\/","title":{"rendered":"Groupe pour parents &#8211; \u201eVersteesdemech\u201d"},"content":{"rendered":"\n<hr class=\"wp-block-separator has-css-opacity is-style-wide divider-headline-yellow\"\/>\n\n\n\n<p class=\"has-text-align-center has-text-color\" style=\"color:#5b5351;font-size:26px\"><strong>Reconna\u00eetre les besoins<\/strong><br><strong>Soutenir le d\u00e9veloppement de l\u2019enfant <\/strong><\/p>\n\n\n\n<p> Dans la vie quotidienne, les parents sont r\u00e9guli\u00e8rement confront\u00e9s \u00e0 des  situations et th\u00e8mes tels que \u00ab ne pas \u00e9couter les parents&nbsp;\u00bb, \u00ab&nbsp;ranger la chambre&nbsp;\u00bb, \u00ab&nbsp;dormir&nbsp;\u00bb, \u00ab&nbsp;conflits dans la fratrie&nbsp;\u00bb, \u00ab&nbsp;devoirs \u00e0  domicile&nbsp;\u00bb, etc. <\/p>\n\n\n\n<p>Dans ces groupes pour parents, des \u00e9l\u00e9ments b\u00e9n\u00e9fiques portant sur \nl\u2019interaction parent-enfant y sont pr\u00e9sent\u00e9s, gr\u00e2ce \u00e0 la m\u00e9thode \nMarteMeo \u00a9.<\/p>\n\n\n<div class=\"wp-block-image\">\n<figure class=\"aligncenter size-large\"><img loading=\"lazy\" decoding=\"async\" width=\"300\" height=\"214\" src=\"https:\/\/martemeo.afp-solidarite-famille.lu\/wp-content\/uploads\/2019\/08\/versteesdemech.jpg\" alt=\"\" class=\"wp-image-477\"\/><\/figure>\n<\/div>\n\n\n<p>Les enregistrements vid\u00e9os existants aident les parents \u00e0 prendre  conscience des informations sur le d\u00e9veloppement de l\u2019enfant et leurs comp\u00e9tences parentales afin de favoriser le bon d\u00e9veloppement des  enfants. Par ailleurs, les br\u00e8ves s\u00e9quences vid\u00e9o aident les parents \u00e0  reconna\u00eetre clairement les besoins et le stade de d\u00e9veloppement des  enfants gr\u00e2ce aux images. <\/p>\n\n\n\n<p>Pas \u00e0 pas et \u00e0 l&rsquo;appui d&rsquo;un langage clair et pr\u00e9cis,  il sera expliqu\u00e9 aux parents comment ils peuvent stimuler, par leurs propres forces, le d\u00e9veloppement de l\u2019enfant dans des situations concr\u00e8tes de la vie quotidienne.<\/p>\n\n\n\n<p>Le groupe de parents se doit d\u2019encourager des familles \u00e0 reconna\u00eetre  leurs forces en tant que parents ainsi que de les activer et de les mettre en pratique. De cette mani\u00e8re, le d\u00e9veloppement de l\u2019enfant et des parents peut \u00eatre soutenu, et tant enfants que parents peuvent profiter au mieux de leur propre action. <\/p>\n\n\n\n<hr class=\"wp-block-separator has-css-opacity is-style-dots divider-yellow\"\/>\n\n\n\n<p class=\"has-text-align-center has-background\" style=\"background-color:#f3f0ef\"><strong>Lieu :<\/strong><br>     Erz\u00e9iungs\u2013 a Familljeberodung, <br>     39, bd Grande-Duchesse Charlotte, L-1331 Luxembourg<\/p>\n\n\n\n<p class=\"has-text-align-center has-background\" style=\"background-color:#f3f0ef\"><br> <strong>Langue&nbsp;:<\/strong> luxembourgeois \/ allemand <br><br><strong> Co\u00fbts&nbsp;:<\/strong> 15 Euros par personne <br><br><strong>Nombre de participants :<\/strong> 12 personnes<br><br><strong>Pour participer \u00e0 notre prochain cours<br>veuillez vous inscrire sur notre liste d&rsquo;attente.<\/strong><\/p>\n\n\n\n<div class=\"wp-block-buttons is-content-justification-center is-layout-flex wp-container-core-buttons-is-layout-16018d1d wp-block-buttons-is-layout-flex\">\n<div class=\"wp-block-button\"><a class=\"wp-block-button__link has-luminous-vivid-amber-to-luminous-vivid-orange-gradient-background has-background wp-element-button\" href=\"https:\/\/www.martemeo.lu\/fr\/contact\/\">Liste d&rsquo;attente<\/a><\/div>\n<\/div>\n\n\n\n<div style=\"height:20px\" aria-hidden=\"true\" class=\"wp-block-spacer\"><\/div>\n\n\n\n<hr class=\"wp-block-separator has-css-opacity is-style-wide divider-headline-yellow\"\/>\n","protected":false},"excerpt":{"rendered":"<p>Reconna\u00eetre les besoinsSoutenir le d\u00e9veloppement de l\u2019enfant Dans la vie quotidienne, les parents sont r\u00e9guli\u00e8rement confront\u00e9s \u00e0 des situations et th\u00e8mes tels que \u00ab ne pas \u00e9couter les parents&nbsp;\u00bb, \u00ab&nbsp;ranger la chambre&nbsp;\u00bb, \u00ab&nbsp;dormir&nbsp;\u00bb, \u00ab&nbsp;conflits dans la fratrie&nbsp;\u00bb, \u00ab&nbsp;devoirs \u00e0 domicile&nbsp;\u00bb, etc. Dans ces groupes pour parents, des \u00e9l\u00e9ments b\u00e9n\u00e9fiques portant sur l\u2019interaction parent-enfant y sont &hellip; <\/p>\n<p class=\"link-more\"><a href=\"https:\/\/www.martemeo.lu\/fr\/groupe-pour-parents-versteesdemech\/\" class=\"more-link\">Continuer la lecture<span class=\"screen-reader-text\"> de &laquo;&nbsp;Groupe pour parents &#8211; \u201eVersteesdemech\u201d&nbsp;&raquo;<\/span><\/a><\/p>\n","protected":false},"author":1,"featured_media":479,"parent":0,"menu_order":0,"comment_status":"closed","ping_status":"closed","template":"","meta":{"footnotes":""},"class_list":["post-122","page","type-page","status-publish","has-post-thumbnail","hentry"],"_links":{"self":[{"href":"https:\/\/www.martemeo.lu\/fr\/wp-json\/wp\/v2\/pages\/122","targetHints":{"allow":["GET"]}}],"collection":[{"href":"https:\/\/www.martemeo.lu\/fr\/wp-json\/wp\/v2\/pages"}],"about":[{"href":"https:\/\/www.martemeo.lu\/fr\/wp-json\/wp\/v2\/types\/page"}],"author":[{"embeddable":true,"href":"https:\/\/www.martemeo.lu\/fr\/wp-json\/wp\/v2\/users\/1"}],"replies":[{"embeddable":true,"href":"https:\/\/www.martemeo.lu\/fr\/wp-json\/wp\/v2\/comments?post=122"}],"version-history":[{"count":14,"href":"https:\/\/www.martemeo.lu\/fr\/wp-json\/wp\/v2\/pages\/122\/revisions"}],"predecessor-version":[{"id":760,"href":"https:\/\/www.martemeo.lu\/fr\/wp-json\/wp\/v2\/pages\/122\/revisions\/760"}],"wp:featuredmedia":[{"embeddable":true,"href":"https:\/\/www.martemeo.lu\/fr\/wp-json\/wp\/v2\/media\/479"}],"wp:attachment":[{"href":"https:\/\/www.martemeo.lu\/fr\/wp-json\/wp\/v2\/media?parent=122"}],"curies":[{"name":"wp","href":"https:\/\/api.w.org\/{rel}","templated":true}]}}